{"id":597,"date":"2015-06-02T09:16:41","date_gmt":"2015-06-02T09:16:41","guid":{"rendered":"http:\/\/www.malzbie.com\/wordpress\/?page_id=597"},"modified":"2015-06-02T09:34:29","modified_gmt":"2015-06-02T09:34:29","slug":"unity3d-gundlagen-tutorials","status":"publish","type":"page","link":"http:\/\/www.malzbie.com\/wordpress\/tutorials\/unity3d-gundlagen-tutorials\/","title":{"rendered":"Unity3D Gundlagen-Tutorials"},"content":{"rendered":"<p>Hier geht es um die Grundlagen von Unity 3D.<\/p>\n<p>Wie funktioniert das mit den Objekten, wie werden die Funktionen in den Scripts abgearbeitet, wie geht das mit der Physik usw. usw.<\/p>\n<p>Das Ganze f\u00e4ngt mit den Objekten an und erkl\u00e4rt, wie sich gewisse Dinge vom Objekt auf die Komponenten vererben.<\/p>\n<p><iframe loading=\"lazy\" title=\"Grundlagen \u00fcber Objekte und ihre Vererbung\" width=\"600\" height=\"338\" src=\"https:\/\/www.youtube.com\/embed\/e0CCP4RvlDk?feature=oembed\" frameborder=\"0\" allow=\"accelerometer; autoplay; clipboard-write; encrypted-media; gyroscope; picture-in-picture; web-share\" referrerpolicy=\"strict-origin-when-cross-origin\" allowfullscreen><\/iframe><\/p>\n<p>&nbsp;<\/p>\n<p>Hier wird erkl\u00e4rt, wie die Funktionen innerhalb der Scripte abgearbeitet werden und was die einzelnen Funktionen \u00fcberhaupt machen.<\/p>\n<p><iframe loading=\"lazy\" title=\"Grundlagen \u00fcber die Scriptfunktionen und ihre Reihenfolge der Abarbeitung\" width=\"600\" height=\"338\" src=\"https:\/\/www.youtube.com\/embed\/205WXK3aW0w?feature=oembed\" frameborder=\"0\" allow=\"accelerometer; autoplay; clipboard-write; encrypted-media; gyroscope; picture-in-picture; web-share\" referrerpolicy=\"strict-origin-when-cross-origin\" allowfullscreen><\/iframe><\/p>\n<p>&nbsp;<\/p>\n<p>Hier zeige ich euch, wie die Physik in Unity funktioniert und auf was man achten muss.<\/p>\n<p><iframe loading=\"lazy\" title=\"Grundlagen \u00fcber Collider, Rigidbody und physikalische Materialien\" width=\"600\" height=\"338\" src=\"https:\/\/www.youtube.com\/embed\/HftGnAvn-6M?feature=oembed\" frameborder=\"0\" allow=\"accelerometer; autoplay; clipboard-write; encrypted-media; gyroscope; picture-in-picture; web-share\" referrerpolicy=\"strict-origin-when-cross-origin\" allowfullscreen><\/iframe><\/p>\n<p>&nbsp;<\/p>\n<p>In der n\u00e4chsten Folge werden die Physikalischen Events im Script abgefragt und ausgwertet.<\/p>\n<p><iframe loading=\"lazy\" title=\"Grundlagen \u00fcber das Auswerten von Collidern und Triggern im Script\" width=\"600\" height=\"338\" src=\"https:\/\/www.youtube.com\/embed\/g24PqQHALWA?feature=oembed\" frameborder=\"0\" allow=\"accelerometer; autoplay; clipboard-write; encrypted-media; gyroscope; picture-in-picture; web-share\" referrerpolicy=\"strict-origin-when-cross-origin\" allowfullscreen><\/iframe><\/p>\n<p>&nbsp;<\/p>\n<p>In dieser Folge geht es um Raycast und Co. Wie kann man Rays senden und die gewonnenen Informationen auswerten.<\/p>\n<p><iframe loading=\"lazy\" title=\"Grundlagen \u00fcber Raycast und Co.\" width=\"600\" height=\"338\" src=\"https:\/\/www.youtube.com\/embed\/_sk21K0k5e8?feature=oembed\" frameborder=\"0\" allow=\"accelerometer; autoplay; clipboard-write; encrypted-media; gyroscope; picture-in-picture; web-share\" referrerpolicy=\"strict-origin-when-cross-origin\" allowfullscreen><\/iframe><\/p>\n<p>&nbsp;<\/p>\n<p>&nbsp;<\/p>\n<p>&nbsp;<\/p>\n","protected":false},"excerpt":{"rendered":"<p>Hier geht es um die Grundlagen von Unity 3D. Wie funktioniert das mit den Objekten, wie werden die Funktionen in den Scripts abgearbeitet, wie geht das mit der Physik usw. usw. Das Ganze f\u00e4ngt mit den Objekten an und erkl\u00e4rt, wie sich gewisse Dinge vom Objekt auf die Komponenten vererben. &nbsp; Hier wird erkl\u00e4rt, wie [&hellip;]<\/p>\n","protected":false},"author":1,"featured_media":0,"parent":52,"menu_order":0,"comment_status":"closed","ping_status":"closed","template":"","meta":{"footnotes":""},"class_list":["post-597","page","type-page","status-publish","hentry"],"_links":{"self":[{"href":"http:\/\/www.malzbie.com\/wordpress\/wp-json\/wp\/v2\/pages\/597","targetHints":{"allow":["GET"]}}],"collection":[{"href":"http:\/\/www.malzbie.com\/wordpress\/wp-json\/wp\/v2\/pages"}],"about":[{"href":"http:\/\/www.malzbie.com\/wordpress\/wp-json\/wp\/v2\/types\/page"}],"author":[{"embeddable":true,"href":"http:\/\/www.malzbie.com\/wordpress\/wp-json\/wp\/v2\/users\/1"}],"replies":[{"embeddable":true,"href":"http:\/\/www.malzbie.com\/wordpress\/wp-json\/wp\/v2\/comments?post=597"}],"version-history":[{"count":4,"href":"http:\/\/www.malzbie.com\/wordpress\/wp-json\/wp\/v2\/pages\/597\/revisions"}],"predecessor-version":[{"id":606,"href":"http:\/\/www.malzbie.com\/wordpress\/wp-json\/wp\/v2\/pages\/597\/revisions\/606"}],"up":[{"embeddable":true,"href":"http:\/\/www.malzbie.com\/wordpress\/wp-json\/wp\/v2\/pages\/52"}],"wp:attachment":[{"href":"http:\/\/www.malzbie.com\/wordpress\/wp-json\/wp\/v2\/media?parent=597"}],"curies":[{"name":"wp","href":"https:\/\/api.w.org\/{rel}","templated":true}]}}