{"id":52,"date":"2011-07-14T12:37:34","date_gmt":"2011-07-14T12:37:34","guid":{"rendered":"http:\/\/www.malzbie.com\/wordpress\/?page_id=52"},"modified":"2015-06-02T09:27:01","modified_gmt":"2015-06-02T09:27:01","slug":"tutorials","status":"publish","type":"page","link":"http:\/\/www.malzbie.com\/wordpress\/tutorials\/","title":{"rendered":"Tutorials"},"content":{"rendered":"<p>Meine Tutorials beziehen sich auf Cinema 4D und Unity 3D.<br \/>\n2 \u00e4ltere Tutorials sind auf externen Seiten verlinkt, aber alle Neueren werden direkt hier zu finden sein. Du kannst bei den Neuen also auch direkt \u00fcber das Dropdown-Men\u00fc drauf zugreifen.<\/p>\n<p>&nbsp;<\/p>\n<ul>\n<li><strong><a href=\"http:\/\/www.malzbie.com\/wordpress\/?page_id=597\">Unity3D Grundlagen-Tutorials<\/a><\/strong><\/li>\n<\/ul>\n<p>In dieser Viedeoreihe gehe ich auf die grundlegenden Dinge von Unity3D ein.<\/p>\n<p style=\"text-align: center;\">______________________________________<\/p>\n<ul>\n<li>\u00a0<strong><a title=\"Malzbie\u2019s Minitutorials\" href=\"http:\/\/www.malzbie.com\/wordpress\/?page_id=538\">Malzbie&#8217;s Minitutorials<\/a><\/strong><\/li>\n<\/ul>\n<p>Eine Video-Tutorialreihe \u00fcber unterschiedliche Dinge in der Welt von Unity3D.<\/p>\n<p style=\"text-align: center;\">______________________________________<\/p>\n<p>&nbsp;<\/p>\n<ul>\n<li><strong><a title=\"2D Top-Down Shooter Tutorial\" href=\"http:\/\/www.malzbie.com\/wordpress\/?page_id=507\">2D Top-Down Shooter<\/a><\/strong><\/li>\n<\/ul>\n<p>Eine Video-Tutorialreihe die sich um die 2D Engine von Unity dreht. Dabei wird ein komplettes Spiel erzeugt, welches sehr stark an die alten Arcadegames der 80er Jahre angelehnt ist. Alle n\u00f6tigen Grafiken und Elemente, die nicht in Unity erzeugt werden k\u00f6nnen, stelle ich frei zur Verf\u00fcgung. Sie sind auf der Tutorialseite als ZIP- Dateien verlinkt.<\/p>\n<p style=\"text-align: center;\">______________________________________<\/p>\n<p>&nbsp;<\/p>\n<ul>\n<li><span id=\"sample-permalink\" tabindex=\"-1\"><strong><a title=\"Animationen mit Mecanim in Unity3D\" href=\"http:\/\/www.malzbie.com\/wordpress\/?page_id=436\">Animationen mit Mecanim in Unity3D<\/a><\/strong><br \/>\n<\/span><\/li>\n<\/ul>\n<p>Ein 3D Charakter, der in Cinema4 mit Bones versehen und gewichtet wurde, wird in Unity3D mit MoCap Dateien animiert. Daf\u00fcr wird das Mecanim System genutzt. Nach diesem Video-Tutorial in 5 Teilen ist ein Spielecharakter erstellt, der laufen, schie\u00dfen und springen kann.<\/p>\n<p style=\"text-align: center;\">_______________________________________<\/p>\n<ul>\n<li><strong><a title=\"Das Riggen und Animieren eines Spielecharakters\" href=\"http:\/\/www.malzbie.com\/wordpress\/?page_id=206\">Das Riggen und Animieren eines Spielecharakters<\/a><\/strong><\/li>\n<\/ul>\n<p>In diesem Video-Tutorial\u00a0 in 9 Teilen geht es haupts\u00e4chlich un Cinema4D (V12) und wie dort ein Charakter f\u00fcr die Animationen vorbereitet wird und schlie\u00dflich auch Animationen bekommt. Nat\u00fcrlich soll dieser Charakter mit seinen Animationen nach Unity3D importiert werden. In der Folge 9 gehe ich auf den Im- und Export ein und zeige, dass es in Unity auch funktionert.<\/p>\n<p style=\"text-align: center;\">_______________________________________<\/p>\n<ul>\n<li><strong><a title=\"Augentutorial\" href=\"http:\/\/www.malzbie.com\/augetut\/augentutorial.htm\" target=\"_blank\">Wie erstelle ich ein Menschliches Auge in Cinema 4D<\/a><\/strong><\/li>\n<\/ul>\n<p>Dieses Texttutorial ist vor vielen Jahren als Livetutorial bei 3D-Worxxs entstanden. Es ist auch ohne Probleme auf andere 3D Programme umsetzbar.<\/p>\n<p style=\"text-align: center;\">______________________________________<\/p>\n<ul>\n<li><strong><a href=\"http:\/\/www.malzbie.com\/kraftfeldtut\/kraftfeld-tut.html\" target=\"_blank\">Kraftfeld-Tutorial (Cinema 4D)<\/a><\/strong><\/li>\n<\/ul>\n<p>In diesem Texttutorial zeige ich wie man mit animierten Shadern ein Kraftfeld erzeugen kann, wie es z.B. bei Luftschleusen in Scifi Filmen genutzt wird.<\/p>\n","protected":false},"excerpt":{"rendered":"<p>Meine Tutorials beziehen sich auf Cinema 4D und Unity 3D. 2 \u00e4ltere Tutorials sind auf externen Seiten verlinkt, aber alle Neueren werden direkt hier zu finden sein. Du kannst bei den Neuen also auch direkt \u00fcber das Dropdown-Men\u00fc drauf zugreifen. &nbsp; Unity3D Grundlagen-Tutorials In dieser Viedeoreihe gehe ich auf die grundlegenden Dinge von Unity3D ein. [&hellip;]<\/p>\n","protected":false},"author":1,"featured_media":0,"parent":0,"menu_order":6,"comment_status":"closed","ping_status":"closed","template":"","meta":{"footnotes":""},"class_list":["post-52","page","type-page","status-publish","hentry"],"_links":{"self":[{"href":"http:\/\/www.malzbie.com\/wordpress\/wp-json\/wp\/v2\/pages\/52","targetHints":{"allow":["GET"]}}],"collection":[{"href":"http:\/\/www.malzbie.com\/wordpress\/wp-json\/wp\/v2\/pages"}],"about":[{"href":"http:\/\/www.malzbie.com\/wordpress\/wp-json\/wp\/v2\/types\/page"}],"author":[{"embeddable":true,"href":"http:\/\/www.malzbie.com\/wordpress\/wp-json\/wp\/v2\/users\/1"}],"replies":[{"embeddable":true,"href":"http:\/\/www.malzbie.com\/wordpress\/wp-json\/wp\/v2\/comments?post=52"}],"version-history":[{"count":17,"href":"http:\/\/www.malzbie.com\/wordpress\/wp-json\/wp\/v2\/pages\/52\/revisions"}],"predecessor-version":[{"id":603,"href":"http:\/\/www.malzbie.com\/wordpress\/wp-json\/wp\/v2\/pages\/52\/revisions\/603"}],"wp:attachment":[{"href":"http:\/\/www.malzbie.com\/wordpress\/wp-json\/wp\/v2\/media?parent=52"}],"curies":[{"name":"wp","href":"https:\/\/api.w.org\/{rel}","templated":true}]}}